{"id":105,"date":"2026-03-20T16:12:42","date_gmt":"2026-03-20T16:12:42","guid":{"rendered":"https:\/\/gigantesycabezudosdesoria.es\/?page_id=105"},"modified":"2026-03-29T01:33:12","modified_gmt":"2026-03-29T00:33:12","slug":"105-2","status":"publish","type":"page","link":"https:\/\/gigantesycabezudosdesoria.es\/","title":{"rendered":"Inicio"},"content":{"rendered":"\n<p><\/p>\n\n\n\n<h3 class=\"wp-block-heading has-text-align-center\">Concurso de dibujo por el D\u00eda del ni\u00f1o<\/h3>\n\n\n\n\n\n<figure class=\"wp-block-image aligncenter size-full is-resized\"><a href=\"https:\/\/gigantesycabezudosdesoria.es\/?p=706\"><img loading=\"lazy\" decoding=\"async\" width=\"1024\" height=\"575\" src=\"http:\/\/gigantesycabezudosdesoria.es\/wp-content\/uploads\/2026\/03\/concurso-1.png\" alt=\"\" class=\"wp-image-748\" style=\"width:1024px;height:auto\" srcset=\"https:\/\/gigantesycabezudosdesoria.es\/wp-content\/uploads\/2026\/03\/concurso-1.png 1024w, https:\/\/gigantesycabezudosdesoria.es\/wp-content\/uploads\/2026\/03\/concurso-1-300x168.png 300w, https:\/\/gigantesycabezudosdesoria.es\/wp-content\/uploads\/2026\/03\/concurso-1-768x431.png 768w\" sizes=\"auto, (max-width: 1024px) 100vw, 1024px\" \/><\/a><\/figure>\n\n\n\n<p><\/p>\n\n\n<ul style=\"background-color:#f4f4f4; font-size:13px; border-color:var(--ast-global-color-7);border-top-left-radius:13px;border-top-right-radius:13px;border-bottom-left-radius:13px;border-bottom-right-radius:13px;border-width:2px; padding-top:var(--wp--preset--spacing--30);padding-bottom:var(--wp--preset--spacing--30);padding-left:var(--wp--preset--spacing--30);padding-right:var(--wp--preset--spacing--30);margin-right:0;margin-left:0;margin-top:var(--wp--preset--spacing--50);margin-bottom:var(--wp--preset--spacing--50);\" class=\"wp-block-latest-posts__list is-grid columns-3 has-dates wp-block-latest-posts has-background has-border-color\"><li><div class=\"wp-block-latest-posts__featured-image aligncenter\"><a href=\"https:\/\/gigantesycabezudosdesoria.es\/?p=528\" aria-label=\"\u00a1El CEIP Numancia nos visita en el local de la Comparsa!\"><img loading=\"lazy\" decoding=\"async\" width=\"150\" height=\"150\" src=\"https:\/\/gigantesycabezudosdesoria.es\/wp-content\/uploads\/2026\/03\/visita-facebook-150x150.jpg\" class=\"attachment-thumbnail size-thumbnail wp-post-image\" alt=\"Portada Visita CEIP Numancia 2026\" style=\"max-width:150px;max-height:150px;\" \/><\/a><\/div><a class=\"wp-block-latest-posts__post-title\" href=\"https:\/\/gigantesycabezudosdesoria.es\/?p=528\">\u00a1El CEIP Numancia nos visita en el local de la Comparsa!<\/a><time datetime=\"2026-03-25T11:14:26+01:00\" class=\"wp-block-latest-posts__post-date\">25\/03\/2026<\/time><div class=\"wp-block-latest-posts__post-excerpt\">Hay ma\u00f1anas que nos llenan de una energ\u00eda especial, y hoy ha sido una de ellas&#8230;. <a class=\"wp-block-latest-posts__read-more\" href=\"https:\/\/gigantesycabezudosdesoria.es\/?p=528\" rel=\"noopener noreferrer\">Lee m\u00e1s<span class=\"screen-reader-text\">: \u00a1El CEIP Numancia nos visita en el local de la Comparsa!<\/span><\/a><\/div><\/li>\n<li><div class=\"wp-block-latest-posts__featured-image aligncenter\"><a href=\"https:\/\/gigantesycabezudosdesoria.es\/?p=706\" aria-label=\"\ud83c\udfa8 \u00a1Participa en el I Concurso de Dibujo Infantil de la Comparsa!\"><img loading=\"lazy\" decoding=\"async\" width=\"150\" height=\"150\" src=\"https:\/\/gigantesycabezudosdesoria.es\/wp-content\/uploads\/2026\/03\/facebook-dia-150x150.jpg\" class=\"attachment-thumbnail size-thumbnail wp-post-image\" alt=\"\" style=\"max-width:150px;max-height:150px;\" \/><\/a><\/div><a class=\"wp-block-latest-posts__post-title\" href=\"https:\/\/gigantesycabezudosdesoria.es\/?p=706\">\ud83c\udfa8 \u00a1Participa en el I Concurso de Dibujo Infantil de la Comparsa!<\/a><time datetime=\"2026-03-17T00:52:23+01:00\" class=\"wp-block-latest-posts__post-date\">17\/03\/2026<\/time><div class=\"wp-block-latest-posts__post-excerpt\">\u00a1Atenci\u00f3n a todos los peque\u00f1os artistas de Soria! Con motivo de la celebraci\u00f3n del D\u00eda del&#8230; <a class=\"wp-block-latest-posts__read-more\" href=\"https:\/\/gigantesycabezudosdesoria.es\/?p=706\" rel=\"noopener noreferrer\">Lee m\u00e1s<span class=\"screen-reader-text\">: \ud83c\udfa8 \u00a1Participa en el I Concurso de Dibujo Infantil de la Comparsa!<\/span><\/a><\/div><\/li>\n<li><div class=\"wp-block-latest-posts__featured-image aligncenter\"><a href=\"https:\/\/gigantesycabezudosdesoria.es\/?p=358\" aria-label=\"El viento no puede con la Comparsa en los carnavales\"><img loading=\"lazy\" decoding=\"async\" width=\"150\" height=\"150\" src=\"https:\/\/gigantesycabezudosdesoria.es\/wp-content\/uploads\/2026\/03\/GIA6773-1-150x150.jpg\" class=\"attachment-thumbnail size-thumbnail wp-post-image\" alt=\"\" style=\"max-width:150px;max-height:150px;\" \/><\/a><\/div><a class=\"wp-block-latest-posts__post-title\" href=\"https:\/\/gigantesycabezudosdesoria.es\/?p=358\">El viento no puede con la Comparsa en los carnavales<\/a><time datetime=\"2026-02-16T09:30:00+01:00\" class=\"wp-block-latest-posts__post-date\">16\/02\/2026<\/time><div class=\"wp-block-latest-posts__post-excerpt\">El Carnaval 2026 ha sido un aut\u00e9ntico desaf\u00edo para la Comparsa de Gigantes y Cabezudos de&#8230; <a class=\"wp-block-latest-posts__read-more\" href=\"https:\/\/gigantesycabezudosdesoria.es\/?p=358\" rel=\"noopener noreferrer\">Lee m\u00e1s<span class=\"screen-reader-text\">: El viento no puede con la Comparsa en los carnavales<\/span><\/a><\/div><\/li>\n<\/ul>\n\n\n<p><\/p>\n","protected":false},"excerpt":{"rendered":"<p>Concurso de dibujo por el D\u00eda del ni\u00f1o Este portal pretende ser una ventana al fant\u00e1stico mundo de los gigantes [&hellip;]<\/p>\n","protected":false},"author":1,"featured_media":0,"parent":0,"menu_order":0,"comment_status":"closed","ping_status":"closed","template":"","meta":{"site-sidebar-layout":"default","site-content-layout":"","ast-site-content-layout":"default","site-content-style":"default","site-sidebar-style":"default","ast-global-header-display":"","ast-banner-title-visibility":"","ast-main-header-display":"","ast-hfb-above-header-display":"","ast-hfb-below-header-display":"","ast-hfb-mobile-header-display":"","site-post-title":"disabled","ast-breadcrumbs-content":"","ast-featured-img":"","footer-sml-layout":"","ast-disable-related-posts":"","theme-transparent-header-meta":"","adv-header-id-meta":"","stick-header-meta":"","header-above-stick-meta":"","header-main-stick-meta":"","header-below-stick-meta":"","astra-migrate-meta-layouts":"default","ast-page-background-enabled":"default","ast-page-background-meta":{"desktop":{"background-color":"var(--ast-global-color-5)","background-image":"","background-repeat":"repeat","background-position":"center center","background-size":"auto","background-attachment":"scroll","background-type":"","background-media":"","overlay-type":"","overlay-color":"","overlay-opacity":"","overlay-gradient":""},"tablet":{"background-color":"","background-image":"","background-repeat":"repeat","background-position":"center center","background-size":"auto","background-attachment":"scroll","background-type":"","background-media":"","overlay-type":"","overlay-color":"","overlay-opacity":"","overlay-gradient":""},"mobile":{"background-color":"","background-image":"","background-repeat":"repeat","background-position":"center center","background-size":"auto","background-attachment":"scroll","background-type":"","background-media":"","overlay-type":"","overlay-color":"","overlay-opacity":"","overlay-gradient":""}},"ast-content-background-meta":{"desktop":{"background-color":"var(--ast-global-color-4)","background-image":"","background-repeat":"repeat","background-position":"center center","background-size":"auto","background-attachment":"scroll","background-type":"","background-media":"","overlay-type":"","overlay-color":"","overlay-opacity":"","overlay-gradient":""},"tablet":{"background-color":"var(--ast-global-color-4)","background-image":"","background-repeat":"repeat","background-position":"center center","background-size":"auto","background-attachment":"scroll","background-type":"","background-media":"","overlay-type":"","overlay-color":"","overlay-opacity":"","overlay-gradient":""},"mobile":{"background-color":"var(--ast-global-color-4)","background-image":"","background-repeat":"repeat","background-position":"center center","background-size":"auto","background-attachment":"scroll","background-type":"","background-media":"","overlay-type":"","overlay-color":"","overlay-opacity":"","overlay-gradient":""}},"footnotes":""},"class_list":["post-105","page","type-page","status-publish","hentry"],"_links":{"self":[{"href":"https:\/\/gigantesycabezudosdesoria.es\/index.php?rest_route=\/wp\/v2\/pages\/105","targetHints":{"allow":["GET"]}}],"collection":[{"href":"https:\/\/gigantesycabezudosdesoria.es\/index.php?rest_route=\/wp\/v2\/pages"}],"about":[{"href":"https:\/\/gigantesycabezudosdesoria.es\/index.php?rest_route=\/wp\/v2\/types\/page"}],"author":[{"embeddable":true,"href":"https:\/\/gigantesycabezudosdesoria.es\/index.php?rest_route=\/wp\/v2\/users\/1"}],"replies":[{"embeddable":true,"href":"https:\/\/gigantesycabezudosdesoria.es\/index.php?rest_route=%2Fwp%2Fv2%2Fcomments&post=105"}],"version-history":[{"count":32,"href":"https:\/\/gigantesycabezudosdesoria.es\/index.php?rest_route=\/wp\/v2\/pages\/105\/revisions"}],"predecessor-version":[{"id":750,"href":"https:\/\/gigantesycabezudosdesoria.es\/index.php?rest_route=\/wp\/v2\/pages\/105\/revisions\/750"}],"wp:attachment":[{"href":"https:\/\/gigantesycabezudosdesoria.es\/index.php?rest_route=%2Fwp%2Fv2%2Fmedia&parent=105"}],"curies":[{"name":"wp","href":"https:\/\/api.w.org\/{rel}","templated":true}]}}