{"id":221,"date":"2026-03-21T00:19:26","date_gmt":"2026-03-21T00:19:26","guid":{"rendered":"https:\/\/gigantesycabezudosdesoria.es\/?page_id=221"},"modified":"2026-03-22T15:38:51","modified_gmt":"2026-03-22T15:38:51","slug":"alfonso-viii","status":"publish","type":"page","link":"https:\/\/gigantesycabezudosdesoria.es\/?page_id=221","title":{"rendered":"Alfonso VIII"},"content":{"rendered":"\n<div class=\"wp-block-media-text is-stacked-on-mobile\"><figure class=\"wp-block-media-text__media\"><img loading=\"lazy\" decoding=\"async\" width=\"684\" height=\"1024\" src=\"http:\/\/gigantesycabezudosdesoria.es\/wp-content\/uploads\/2026\/03\/GIA1427-684x1024.png\" alt=\"\" class=\"wp-image-219 size-full\" srcset=\"https:\/\/gigantesycabezudosdesoria.es\/wp-content\/uploads\/2026\/03\/GIA1427-684x1024.png 684w, https:\/\/gigantesycabezudosdesoria.es\/wp-content\/uploads\/2026\/03\/GIA1427-200x300.png 200w, https:\/\/gigantesycabezudosdesoria.es\/wp-content\/uploads\/2026\/03\/GIA1427-768x1151.png 768w, https:\/\/gigantesycabezudosdesoria.es\/wp-content\/uploads\/2026\/03\/GIA1427-1025x1536.png 1025w, https:\/\/gigantesycabezudosdesoria.es\/wp-content\/uploads\/2026\/03\/GIA1427.png 1367w\" sizes=\"auto, (max-width: 684px) 100vw, 684px\" \/><\/figure><div class=\"wp-block-media-text__content\">\n<p class=\"has-ast-global-color-7-color has-text-color has-link-color wp-elements-2b52bf711fb5b5f610ee0dadf4392ece\">Rey de Castilla desde los 3 a\u00f1os, se vio envuelto en la sangrienta rivalidad de dos familias, Castro y Lara, lo cual derivo en guerra civil. Finalmente, los Lara, custodios del Rey Ni\u00f1o, lo trasladaron a Soria para su propia protecci\u00f3n &nbsp;y educaci\u00f3n.<\/p>\n\n\n\n<p class=\"has-ast-global-color-7-color has-text-color has-link-color wp-elements-8fae72ca5f780cae55db1454c361954e\">Esposo de Leonor de Plantagenet, convirti\u00f3 su corte en un poderoso instrumento cultural, que acoger\u00eda a trovadores y sabios.<\/p>\n\n\n\n<p class=\"has-ast-global-color-7-color has-text-color has-link-color wp-elements-1801a44f121d197d4223eb996210ada5\">Su victoria m\u00e1s importante fue, finalmente, en la enorme batalla de las Navas de Tolosa, en uni\u00f3n con el pueblo aragones, navarro y varias \u00f3rdenes militares, donde derrotaron al califa almohade Miramomol\u00edn, consolidando as\u00ed su poder en toda la meseta manchega.<\/p>\n\n\n\n<p class=\"has-ast-global-color-7-color has-text-color has-link-color wp-elements-82a357ed41ff38c0eae977849482673b\">Altura: 3,50 M<\/p>\n\n\n\n<p class=\"has-ast-global-color-7-color has-text-color has-link-color wp-elements-a7427059ffef14e403e97eea39aed4ba\">Peso: 47 kg<\/p>\n<\/div><\/div>\n","protected":false},"excerpt":{"rendered":"<p>Rey de Castilla desde los 3 a\u00f1os, se vio envuelto en la sangrienta rivalidad de dos familias, Castro y Lara, [&hellip;]<\/p>\n","protected":false},"author":1,"featured_media":246,"parent":153,"menu_order":0,"comment_status":"closed","ping_status":"closed","template":"","meta":{"site-sidebar-layout":"default","site-content-layout":"","ast-site-content-layout":"default","site-content-style":"default","site-sidebar-style":"default","ast-global-header-display":"","ast-banner-title-visibility":"","ast-main-header-display":"","ast-hfb-above-header-display":"","ast-hfb-below-header-display":"","ast-hfb-mobile-header-display":"","site-post-title":"","ast-breadcrumbs-content":"","ast-featured-img":"disabled","footer-sml-layout":"","ast-disable-related-posts":"","theme-transparent-header-meta":"","adv-header-id-meta":"","stick-header-meta":"","header-above-stick-meta":"","header-main-stick-meta":"","header-below-stick-meta":"","astra-migrate-meta-layouts":"default","ast-page-background-enabled":"default","ast-page-background-meta":{"desktop":{"background-color":"var(--ast-global-color-5)","background-image":"","background-repeat":"repeat","background-position":"center center","background-size":"auto","background-attachment":"scroll","background-type":"","background-media":"","overlay-type":"","overlay-color":"","overlay-opacity":"","overlay-gradient":""},"tablet":{"background-color":"","background-image":"","background-repeat":"repeat","background-position":"center center","background-size":"auto","background-attachment":"scroll","background-type":"","background-media":"","overlay-type":"","overlay-color":"","overlay-opacity":"","overlay-gradient":""},"mobile":{"background-color":"","background-image":"","background-repeat":"repeat","background-position":"center center","background-size":"auto","background-attachment":"scroll","background-type":"","background-media":"","overlay-type":"","overlay-color":"","overlay-opacity":"","overlay-gradient":""}},"ast-content-background-meta":{"desktop":{"background-color":"var(--ast-global-color-4)","background-image":"","background-repeat":"repeat","background-position":"center center","background-size":"auto","background-attachment":"scroll","background-type":"","background-media":"","overlay-type":"","overlay-color":"","overlay-opacity":"","overlay-gradient":""},"tablet":{"background-color":"var(--ast-global-color-4)","background-image":"","background-repeat":"repeat","background-position":"center center","background-size":"auto","background-attachment":"scroll","background-type":"","background-media":"","overlay-type":"","overlay-color":"","overlay-opacity":"","overlay-gradient":""},"mobile":{"background-color":"var(--ast-global-color-4)","background-image":"","background-repeat":"repeat","background-position":"center center","background-size":"auto","background-attachment":"scroll","background-type":"","background-media":"","overlay-type":"","overlay-color":"","overlay-opacity":"","overlay-gradient":""}},"footnotes":""},"class_list":["post-221","page","type-page","status-publish","has-post-thumbnail","hentry"],"_links":{"self":[{"href":"https:\/\/gigantesycabezudosdesoria.es\/index.php?rest_route=\/wp\/v2\/pages\/221","targetHints":{"allow":["GET"]}}],"collection":[{"href":"https:\/\/gigantesycabezudosdesoria.es\/index.php?rest_route=\/wp\/v2\/pages"}],"about":[{"href":"https:\/\/gigantesycabezudosdesoria.es\/index.php?rest_route=\/wp\/v2\/types\/page"}],"author":[{"embeddable":true,"href":"https:\/\/gigantesycabezudosdesoria.es\/index.php?rest_route=\/wp\/v2\/users\/1"}],"replies":[{"embeddable":true,"href":"https:\/\/gigantesycabezudosdesoria.es\/index.php?rest_route=%2Fwp%2Fv2%2Fcomments&post=221"}],"version-history":[{"count":3,"href":"https:\/\/gigantesycabezudosdesoria.es\/index.php?rest_route=\/wp\/v2\/pages\/221\/revisions"}],"predecessor-version":[{"id":352,"href":"https:\/\/gigantesycabezudosdesoria.es\/index.php?rest_route=\/wp\/v2\/pages\/221\/revisions\/352"}],"up":[{"embeddable":true,"href":"https:\/\/gigantesycabezudosdesoria.es\/index.php?rest_route=\/wp\/v2\/pages\/153"}],"wp:featuredmedia":[{"embeddable":true,"href":"https:\/\/gigantesycabezudosdesoria.es\/index.php?rest_route=\/wp\/v2\/media\/246"}],"wp:attachment":[{"href":"https:\/\/gigantesycabezudosdesoria.es\/index.php?rest_route=%2Fwp%2Fv2%2Fmedia&parent=221"}],"curies":[{"name":"wp","href":"https:\/\/api.w.org\/{rel}","templated":true}]}}