{"id":230,"date":"2026-03-21T00:46:04","date_gmt":"2026-03-21T00:46:04","guid":{"rendered":"https:\/\/gigantesycabezudosdesoria.es\/?page_id=230"},"modified":"2026-03-22T15:40:41","modified_gmt":"2026-03-22T15:40:41","slug":"don-saturio","status":"publish","type":"page","link":"https:\/\/gigantesycabezudosdesoria.es\/?page_id=230","title":{"rendered":"Don Saturio"},"content":{"rendered":"\n<div class=\"wp-block-media-text is-stacked-on-mobile\"><figure class=\"wp-block-media-text__media\"><img loading=\"lazy\" decoding=\"async\" width=\"684\" height=\"1024\" src=\"http:\/\/gigantesycabezudosdesoria.es\/wp-content\/uploads\/2026\/03\/GIA1430-684x1024.png\" alt=\"\" class=\"wp-image-231 size-full\" srcset=\"https:\/\/gigantesycabezudosdesoria.es\/wp-content\/uploads\/2026\/03\/GIA1430-684x1024.png 684w, https:\/\/gigantesycabezudosdesoria.es\/wp-content\/uploads\/2026\/03\/GIA1430-200x300.png 200w, https:\/\/gigantesycabezudosdesoria.es\/wp-content\/uploads\/2026\/03\/GIA1430-768x1151.png 768w, https:\/\/gigantesycabezudosdesoria.es\/wp-content\/uploads\/2026\/03\/GIA1430-1025x1536.png 1025w, https:\/\/gigantesycabezudosdesoria.es\/wp-content\/uploads\/2026\/03\/GIA1430.png 1367w\" sizes=\"auto, (max-width: 684px) 100vw, 684px\" \/><\/figure><div class=\"wp-block-media-text__content\">\n<p class=\"has-ast-global-color-7-color has-text-color has-link-color wp-elements-68dcb01f4a11df3c7e97d2c5b2eb5e28\">Don Saturio representa a los ciudadanos sorianos, vestido con su traje tradicional y de fiesta \u201cpi\u00f1orro\u201d, denominado as\u00ed por proceder de la comarca de pinares.<\/p>\n\n\n\n<p class=\"has-ast-global-color-7-color has-text-color has-link-color wp-elements-4d1e95a0a73b8507a80d7bfbbaa2b61e\">Viste pantal\u00f3n y chaleco negro, camisa blanca, medias de punto y albarcas. Suele llevar t, tambi\u00e9n, un faldell\u00edn rojo a la cintura.<\/p>\n\n\n\n<p class=\"has-ast-global-color-7-color has-text-color has-link-color wp-elements-2dc6549fdbe7b5dfeb1a14fa1bd3ef04\">Adem\u00e1s, es bautizado as\u00ed en honor al patr\u00f3n mayor de Soria, San Saturio, famoso por los milagros que se le atribuyen en vida y a posteriori, y por el m\u00e1gico enclave que ostenta la ermita del mismo nombre, edificado sobre la cueva en la que vivi\u00f3 el santo anacoreta.<\/p>\n\n\n\n<p class=\"has-ast-global-color-7-color has-text-color has-link-color wp-elements-82a357ed41ff38c0eae977849482673b\">Altura: 3,50 M<\/p>\n\n\n\n<p class=\"has-ast-global-color-7-color has-text-color has-link-color wp-elements-2cb2a788da634806b04d516c8330160d\">Peso: 39 Kg<\/p>\n<\/div><\/div>\n","protected":false},"excerpt":{"rendered":"<p>Don Saturio representa a los ciudadanos sorianos, vestido con su traje tradicional y de fiesta \u201cpi\u00f1orro\u201d, denominado as\u00ed por proceder [&hellip;]<\/p>\n","protected":false},"author":1,"featured_media":248,"parent":153,"menu_order":0,"comment_status":"closed","ping_status":"closed","template":"","meta":{"site-sidebar-layout":"default","site-content-layout":"","ast-site-content-layout":"default","site-content-style":"default","site-sidebar-style":"default","ast-global-header-display":"","ast-banner-title-visibility":"","ast-main-header-display":"","ast-hfb-above-header-display":"","ast-hfb-below-header-display":"","ast-hfb-mobile-header-display":"","site-post-title":"","ast-breadcrumbs-content":"","ast-featured-img":"disabled","footer-sml-layout":"","ast-disable-related-posts":"","theme-transparent-header-meta":"","adv-header-id-meta":"","stick-header-meta":"","header-above-stick-meta":"","header-main-stick-meta":"","header-below-stick-meta":"","astra-migrate-meta-layouts":"default","ast-page-background-enabled":"default","ast-page-background-meta":{"desktop":{"background-color":"var(--ast-global-color-5)","background-image":"","background-repeat":"repeat","background-position":"center center","background-size":"auto","background-attachment":"scroll","background-type":"","background-media":"","overlay-type":"","overlay-color":"","overlay-opacity":"","overlay-gradient":""},"tablet":{"background-color":"","background-image":"","background-repeat":"repeat","background-position":"center center","background-size":"auto","background-attachment":"scroll","background-type":"","background-media":"","overlay-type":"","overlay-color":"","overlay-opacity":"","overlay-gradient":""},"mobile":{"background-color":"","background-image":"","background-repeat":"repeat","background-position":"center center","background-size":"auto","background-attachment":"scroll","background-type":"","background-media":"","overlay-type":"","overlay-color":"","overlay-opacity":"","overlay-gradient":""}},"ast-content-background-meta":{"desktop":{"background-color":"var(--ast-global-color-4)","background-image":"","background-repeat":"repeat","background-position":"center center","background-size":"auto","background-attachment":"scroll","background-type":"","background-media":"","overlay-type":"","overlay-color":"","overlay-opacity":"","overlay-gradient":""},"tablet":{"background-color":"var(--ast-global-color-4)","background-image":"","background-repeat":"repeat","background-position":"center center","background-size":"auto","background-attachment":"scroll","background-type":"","background-media":"","overlay-type":"","overlay-color":"","overlay-opacity":"","overlay-gradient":""},"mobile":{"background-color":"var(--ast-global-color-4)","background-image":"","background-repeat":"repeat","background-position":"center center","background-size":"auto","background-attachment":"scroll","background-type":"","background-media":"","overlay-type":"","overlay-color":"","overlay-opacity":"","overlay-gradient":""}},"footnotes":""},"class_list":["post-230","page","type-page","status-publish","has-post-thumbnail","hentry"],"_links":{"self":[{"href":"https:\/\/gigantesycabezudosdesoria.es\/index.php?rest_route=\/wp\/v2\/pages\/230","targetHints":{"allow":["GET"]}}],"collection":[{"href":"https:\/\/gigantesycabezudosdesoria.es\/index.php?rest_route=\/wp\/v2\/pages"}],"about":[{"href":"https:\/\/gigantesycabezudosdesoria.es\/index.php?rest_route=\/wp\/v2\/types\/page"}],"author":[{"embeddable":true,"href":"https:\/\/gigantesycabezudosdesoria.es\/index.php?rest_route=\/wp\/v2\/users\/1"}],"replies":[{"embeddable":true,"href":"https:\/\/gigantesycabezudosdesoria.es\/index.php?rest_route=%2Fwp%2Fv2%2Fcomments&post=230"}],"version-history":[{"count":4,"href":"https:\/\/gigantesycabezudosdesoria.es\/index.php?rest_route=\/wp\/v2\/pages\/230\/revisions"}],"predecessor-version":[{"id":354,"href":"https:\/\/gigantesycabezudosdesoria.es\/index.php?rest_route=\/wp\/v2\/pages\/230\/revisions\/354"}],"up":[{"embeddable":true,"href":"https:\/\/gigantesycabezudosdesoria.es\/index.php?rest_route=\/wp\/v2\/pages\/153"}],"wp:featuredmedia":[{"embeddable":true,"href":"https:\/\/gigantesycabezudosdesoria.es\/index.php?rest_route=\/wp\/v2\/media\/248"}],"wp:attachment":[{"href":"https:\/\/gigantesycabezudosdesoria.es\/index.php?rest_route=%2Fwp%2Fv2%2Fmedia&parent=230"}],"curies":[{"name":"wp","href":"https:\/\/api.w.org\/{rel}","templated":true}]}}