{"id":282,"date":"2026-03-22T08:44:26","date_gmt":"2026-03-22T08:44:26","guid":{"rendered":"https:\/\/gigantesycabezudosdesoria.es\/?page_id=282"},"modified":"2026-03-22T15:26:50","modified_gmt":"2026-03-22T15:26:50","slug":"cayo-mario","status":"publish","type":"page","link":"https:\/\/gigantesycabezudosdesoria.es\/?page_id=282","title":{"rendered":"Cayo Mario"},"content":{"rendered":"\n<div class=\"wp-block-media-text is-stacked-on-mobile\" style=\"grid-template-columns:40% auto\"><figure class=\"wp-block-media-text__media\"><img loading=\"lazy\" decoding=\"async\" width=\"684\" height=\"1024\" src=\"https:\/\/gigantesycabezudosdesoria.es\/wp-content\/uploads\/2026\/03\/cayomario2-684x1024.png\" alt=\"Cabezudo Cayo Mario\" class=\"wp-image-283 size-large\" srcset=\"https:\/\/gigantesycabezudosdesoria.es\/wp-content\/uploads\/2026\/03\/cayomario2-684x1024.png 684w, https:\/\/gigantesycabezudosdesoria.es\/wp-content\/uploads\/2026\/03\/cayomario2-200x300.png 200w, https:\/\/gigantesycabezudosdesoria.es\/wp-content\/uploads\/2026\/03\/cayomario2-768x1151.png 768w, https:\/\/gigantesycabezudosdesoria.es\/wp-content\/uploads\/2026\/03\/cayomario2-1025x1536.png 1025w, https:\/\/gigantesycabezudosdesoria.es\/wp-content\/uploads\/2026\/03\/cayomario2.png 1367w\" sizes=\"auto, (max-width: 684px) 100vw, 684px\" \/><\/figure><div class=\"wp-block-media-text__content\">\n<p class=\"has-ast-global-color-7-color has-text-color has-link-color wp-elements-919df418488ce4c98026564b70370868\">Tio pol\u00edtico de Julio Cesar. Cayo Mario lucho en Numancia de joven bajo las ordenes de Escipi\u00f3n. Las reformas de Mario sobre la estructura militar se impondr\u00edan en el mundo occidental durante siglos.<\/p>\n\n\n\n<p class=\"has-ast-global-color-7-color has-text-color has-link-color wp-elements-e4db89a58b5ab535343ce2548687d63a\">la parte m\u00e1s importante de las reformas de Mario fue la inclusi\u00f3n de las personas sin propiedades dentro de los que podr\u00edan alistarse. Con este ejercito permanente, Mario pudo estandarizar el equipamiento de la legi\u00f3n romana. La tercera reforma fue una legislaci\u00f3n que otorgaba beneficios de jubilaci\u00f3n a los soldados en la forma de tierras. La cuarta reforma fue el cargar a los soldados con sus propias pertenencias, las tiendas de campa\u00f1a, sus armas, etc., haciendo que llevasen hasta 40 kilos a la espalda: las llamadas \u201cmulas de Mario\u201d.<\/p>\n<\/div><\/div>\n\n\n\n<p><\/p>\n","protected":false},"excerpt":{"rendered":"<p>Tio pol\u00edtico de Julio Cesar. Cayo Mario lucho en Numancia de joven bajo las ordenes de Escipi\u00f3n. Las reformas de [&hellip;]<\/p>\n","protected":false},"author":1,"featured_media":284,"parent":182,"menu_order":0,"comment_status":"closed","ping_status":"closed","template":"","meta":{"site-sidebar-layout":"default","site-content-layout":"","ast-site-content-layout":"default","site-content-style":"default","site-sidebar-style":"default","ast-global-header-display":"","ast-banner-title-visibility":"","ast-main-header-display":"","ast-hfb-above-header-display":"","ast-hfb-below-header-display":"","ast-hfb-mobile-header-display":"","site-post-title":"","ast-breadcrumbs-content":"","ast-featured-img":"disabled","footer-sml-layout":"","ast-disable-related-posts":"","theme-transparent-header-meta":"","adv-header-id-meta":"","stick-header-meta":"","header-above-stick-meta":"","header-main-stick-meta":"","header-below-stick-meta":"","astra-migrate-meta-layouts":"default","ast-page-background-enabled":"default","ast-page-background-meta":{"desktop":{"background-color":"var(--ast-global-color-5)","background-image":"","background-repeat":"repeat","background-position":"center center","background-size":"auto","background-attachment":"scroll","background-type":"","background-media":"","overlay-type":"","overlay-color":"","overlay-opacity":"","overlay-gradient":""},"tablet":{"background-color":"","background-image":"","background-repeat":"repeat","background-position":"center center","background-size":"auto","background-attachment":"scroll","background-type":"","background-media":"","overlay-type":"","overlay-color":"","overlay-opacity":"","overlay-gradient":""},"mobile":{"background-color":"","background-image":"","background-repeat":"repeat","background-position":"center center","background-size":"auto","background-attachment":"scroll","background-type":"","background-media":"","overlay-type":"","overlay-color":"","overlay-opacity":"","overlay-gradient":""}},"ast-content-background-meta":{"desktop":{"background-color":"var(--ast-global-color-4)","background-image":"","background-repeat":"repeat","background-position":"center center","background-size":"auto","background-attachment":"scroll","background-type":"","background-media":"","overlay-type":"","overlay-color":"","overlay-opacity":"","overlay-gradient":""},"tablet":{"background-color":"var(--ast-global-color-4)","background-image":"","background-repeat":"repeat","background-position":"center center","background-size":"auto","background-attachment":"scroll","background-type":"","background-media":"","overlay-type":"","overlay-color":"","overlay-opacity":"","overlay-gradient":""},"mobile":{"background-color":"var(--ast-global-color-4)","background-image":"","background-repeat":"repeat","background-position":"center center","background-size":"auto","background-attachment":"scroll","background-type":"","background-media":"","overlay-type":"","overlay-color":"","overlay-opacity":"","overlay-gradient":""}},"footnotes":""},"class_list":["post-282","page","type-page","status-publish","has-post-thumbnail","hentry"],"_links":{"self":[{"href":"https:\/\/gigantesycabezudosdesoria.es\/index.php?rest_route=\/wp\/v2\/pages\/282","targetHints":{"allow":["GET"]}}],"collection":[{"href":"https:\/\/gigantesycabezudosdesoria.es\/index.php?rest_route=\/wp\/v2\/pages"}],"about":[{"href":"https:\/\/gigantesycabezudosdesoria.es\/index.php?rest_route=\/wp\/v2\/types\/page"}],"author":[{"embeddable":true,"href":"https:\/\/gigantesycabezudosdesoria.es\/index.php?rest_route=\/wp\/v2\/users\/1"}],"replies":[{"embeddable":true,"href":"https:\/\/gigantesycabezudosdesoria.es\/index.php?rest_route=%2Fwp%2Fv2%2Fcomments&post=282"}],"version-history":[{"count":3,"href":"https:\/\/gigantesycabezudosdesoria.es\/index.php?rest_route=\/wp\/v2\/pages\/282\/revisions"}],"predecessor-version":[{"id":342,"href":"https:\/\/gigantesycabezudosdesoria.es\/index.php?rest_route=\/wp\/v2\/pages\/282\/revisions\/342"}],"up":[{"embeddable":true,"href":"https:\/\/gigantesycabezudosdesoria.es\/index.php?rest_route=\/wp\/v2\/pages\/182"}],"wp:featuredmedia":[{"embeddable":true,"href":"https:\/\/gigantesycabezudosdesoria.es\/index.php?rest_route=\/wp\/v2\/media\/284"}],"wp:attachment":[{"href":"https:\/\/gigantesycabezudosdesoria.es\/index.php?rest_route=%2Fwp%2Fv2%2Fmedia&parent=282"}],"curies":[{"name":"wp","href":"https:\/\/api.w.org\/{rel}","templated":true}]}}