{"id":293,"date":"2026-03-22T08:58:25","date_gmt":"2026-03-22T08:58:25","guid":{"rendered":"https:\/\/gigantesycabezudosdesoria.es\/?page_id=293"},"modified":"2026-03-22T15:28:04","modified_gmt":"2026-03-22T15:28:04","slug":"miramolin-3","status":"publish","type":"page","link":"https:\/\/gigantesycabezudosdesoria.es\/?page_id=293","title":{"rendered":"Miramol\u00edn"},"content":{"rendered":"\n<div class=\"wp-block-media-text is-stacked-on-mobile\" style=\"grid-template-columns:40% auto\"><figure class=\"wp-block-media-text__media\"><img loading=\"lazy\" decoding=\"async\" width=\"684\" height=\"1024\" src=\"http:\/\/gigantesycabezudosdesoria.es\/wp-content\/uploads\/2026\/03\/miramolin2-684x1024.png\" alt=\"Cabezudo Miramamol\u00edn\" class=\"wp-image-294 size-full\" srcset=\"https:\/\/gigantesycabezudosdesoria.es\/wp-content\/uploads\/2026\/03\/miramolin2-684x1024.png 684w, https:\/\/gigantesycabezudosdesoria.es\/wp-content\/uploads\/2026\/03\/miramolin2-200x300.png 200w, https:\/\/gigantesycabezudosdesoria.es\/wp-content\/uploads\/2026\/03\/miramolin2-768x1151.png 768w, https:\/\/gigantesycabezudosdesoria.es\/wp-content\/uploads\/2026\/03\/miramolin2-1025x1536.png 1025w, https:\/\/gigantesycabezudosdesoria.es\/wp-content\/uploads\/2026\/03\/miramolin2.png 1367w\" sizes=\"auto, (max-width: 684px) 100vw, 684px\" \/><\/figure><div class=\"wp-block-media-text__content\">\n<p class=\"has-ast-global-color-7-color has-text-color has-link-color wp-elements-286dbdc84e080df31da31ac52d0de225\">Muh\u00e1mmad an-Nasir, fue el cuarto califa de la dinast\u00eda almohade. Era conocido con el sobrenombre de Miramamol\u00edn en tierras cristianas, que significa Pr\u00edncipe de los Creyentes.<\/p>\n\n\n\n<p class=\"has-ast-global-color-7-color has-text-color has-link-color wp-elements-36d722829c8097b45a666f7e22f56f17\">Joven t\u00edmido y solitario, heredo de su padre un imperio que mostraba se\u00f1ales de inestabilidad.<\/p>\n\n\n\n<p class=\"has-ast-global-color-7-color has-text-color has-link-color wp-elements-607489120d4b422dc51ca274c2872406\">Finalmente, sufri\u00f3 una dura derrota frente a Alfonso VIII. En el escudo de Navarra y en el de Espa\u00f1a aparece una gran esmeralda que abrocha en su centro las cadenas que, seg\u00fan la leyenda el rey Sancho VII el Fuerte rompi\u00f3 con su espada en la tienda de campa\u00f1a de Miramamol\u00edn siendo aquella joya verde la que perdi\u00f3 de su turbante en la huida.<\/p>\n<\/div><\/div>\n","protected":false},"excerpt":{"rendered":"<p>Muh\u00e1mmad an-Nasir, fue el cuarto califa de la dinast\u00eda almohade. Era conocido con el sobrenombre de Miramamol\u00edn en tierras cristianas, [&hellip;]<\/p>\n","protected":false},"author":1,"featured_media":295,"parent":182,"menu_order":0,"comment_status":"closed","ping_status":"closed","template":"","meta":{"site-sidebar-layout":"default","site-content-layout":"","ast-site-content-layout":"default","site-content-style":"default","site-sidebar-style":"default","ast-global-header-display":"","ast-banner-title-visibility":"","ast-main-header-display":"","ast-hfb-above-header-display":"","ast-hfb-below-header-display":"","ast-hfb-mobile-header-display":"","site-post-title":"","ast-breadcrumbs-content":"","ast-featured-img":"disabled","footer-sml-layout":"","ast-disable-related-posts":"","theme-transparent-header-meta":"","adv-header-id-meta":"","stick-header-meta":"","header-above-stick-meta":"","header-main-stick-meta":"","header-below-stick-meta":"","astra-migrate-meta-layouts":"default","ast-page-background-enabled":"default","ast-page-background-meta":{"desktop":{"background-color":"var(--ast-global-color-5)","background-image":"","background-repeat":"repeat","background-position":"center center","background-size":"auto","background-attachment":"scroll","background-type":"","background-media":"","overlay-type":"","overlay-color":"","overlay-opacity":"","overlay-gradient":""},"tablet":{"background-color":"","background-image":"","background-repeat":"repeat","background-position":"center center","background-size":"auto","background-attachment":"scroll","background-type":"","background-media":"","overlay-type":"","overlay-color":"","overlay-opacity":"","overlay-gradient":""},"mobile":{"background-color":"","background-image":"","background-repeat":"repeat","background-position":"center center","background-size":"auto","background-attachment":"scroll","background-type":"","background-media":"","overlay-type":"","overlay-color":"","overlay-opacity":"","overlay-gradient":""}},"ast-content-background-meta":{"desktop":{"background-color":"var(--ast-global-color-4)","background-image":"","background-repeat":"repeat","background-position":"center center","background-size":"auto","background-attachment":"scroll","background-type":"","background-media":"","overlay-type":"","overlay-color":"","overlay-opacity":"","overlay-gradient":""},"tablet":{"background-color":"var(--ast-global-color-4)","background-image":"","background-repeat":"repeat","background-position":"center center","background-size":"auto","background-attachment":"scroll","background-type":"","background-media":"","overlay-type":"","overlay-color":"","overlay-opacity":"","overlay-gradient":""},"mobile":{"background-color":"var(--ast-global-color-4)","background-image":"","background-repeat":"repeat","background-position":"center center","background-size":"auto","background-attachment":"scroll","background-type":"","background-media":"","overlay-type":"","overlay-color":"","overlay-opacity":"","overlay-gradient":""}},"footnotes":""},"class_list":["post-293","page","type-page","status-publish","has-post-thumbnail","hentry"],"_links":{"self":[{"href":"https:\/\/gigantesycabezudosdesoria.es\/index.php?rest_route=\/wp\/v2\/pages\/293","targetHints":{"allow":["GET"]}}],"collection":[{"href":"https:\/\/gigantesycabezudosdesoria.es\/index.php?rest_route=\/wp\/v2\/pages"}],"about":[{"href":"https:\/\/gigantesycabezudosdesoria.es\/index.php?rest_route=\/wp\/v2\/types\/page"}],"author":[{"embeddable":true,"href":"https:\/\/gigantesycabezudosdesoria.es\/index.php?rest_route=\/wp\/v2\/users\/1"}],"replies":[{"embeddable":true,"href":"https:\/\/gigantesycabezudosdesoria.es\/index.php?rest_route=%2Fwp%2Fv2%2Fcomments&post=293"}],"version-history":[{"count":2,"href":"https:\/\/gigantesycabezudosdesoria.es\/index.php?rest_route=\/wp\/v2\/pages\/293\/revisions"}],"predecessor-version":[{"id":343,"href":"https:\/\/gigantesycabezudosdesoria.es\/index.php?rest_route=\/wp\/v2\/pages\/293\/revisions\/343"}],"up":[{"embeddable":true,"href":"https:\/\/gigantesycabezudosdesoria.es\/index.php?rest_route=\/wp\/v2\/pages\/182"}],"wp:featuredmedia":[{"embeddable":true,"href":"https:\/\/gigantesycabezudosdesoria.es\/index.php?rest_route=\/wp\/v2\/media\/295"}],"wp:attachment":[{"href":"https:\/\/gigantesycabezudosdesoria.es\/index.php?rest_route=%2Fwp%2Fv2%2Fmedia&parent=293"}],"curies":[{"name":"wp","href":"https:\/\/api.w.org\/{rel}","templated":true}]}}