{"id":314,"date":"2026-03-22T09:52:56","date_gmt":"2026-03-22T09:52:56","guid":{"rendered":"https:\/\/gigantesycabezudosdesoria.es\/?page_id=314"},"modified":"2026-03-22T15:17:42","modified_gmt":"2026-03-22T15:17:42","slug":"beatriz-2","status":"publish","type":"page","link":"https:\/\/gigantesycabezudosdesoria.es\/?page_id=314","title":{"rendered":"Beatriz"},"content":{"rendered":"\n<div class=\"wp-block-media-text is-stacked-on-mobile has-ast-global-color-7-color has-text-color has-link-color wp-elements-5fd08e18fd65ba7a09b786b963577ef1\" style=\"grid-template-columns:40% auto\"><figure class=\"wp-block-media-text__media\"><img loading=\"lazy\" decoding=\"async\" width=\"684\" height=\"1024\" src=\"https:\/\/gigantesycabezudosdesoria.es\/wp-content\/uploads\/2026\/03\/beatriz2-684x1024.png\" alt=\"Cabezudo Beatriz\" class=\"wp-image-315 size-large\" srcset=\"https:\/\/gigantesycabezudosdesoria.es\/wp-content\/uploads\/2026\/03\/beatriz2-684x1024.png 684w, https:\/\/gigantesycabezudosdesoria.es\/wp-content\/uploads\/2026\/03\/beatriz2-200x300.png 200w, https:\/\/gigantesycabezudosdesoria.es\/wp-content\/uploads\/2026\/03\/beatriz2-768x1151.png 768w, https:\/\/gigantesycabezudosdesoria.es\/wp-content\/uploads\/2026\/03\/beatriz2-1025x1536.png 1025w, https:\/\/gigantesycabezudosdesoria.es\/wp-content\/uploads\/2026\/03\/beatriz2.png 1367w\" sizes=\"auto, (max-width: 684px) 100vw, 684px\" \/><\/figure><div class=\"wp-block-media-text__content\">\n<p class=\"has-ast-global-color-7-color has-text-color has-link-color wp-elements-2c186182b5fbe5ef846b7c38061373fe\">\u00abInspirada en la famosa leyenda de Gustavo Adolfo B\u00e9cquer, Beatriz representa la elegancia y el misterio de la Soria medieval. \u00a1Una carrera de leyenda!\u00bb<\/p>\n\n\n\n<p class=\"has-ast-global-color-7-color has-text-color has-link-color wp-elements-a2511b1cd0e649ced82a84123a5ceac1\">Este cabezudo rinde homenaje a Beatriz, la protagonista de <em>El Monte de las \u00c1nimas<\/em>, la leyenda m\u00e1s famosa de Soria. Representa a la joven y hermosa noble que desafi\u00f3 al peligro pidi\u00e9ndole a su primo Alonso que fuera a buscar su banda azul al monte en la noche de Difuntos. Es una figura clave que conecta nuestras fiestas con la literatura universal de nuestra ciudad.<\/p>\n<\/div><\/div>\n","protected":false},"excerpt":{"rendered":"<p>\u00abInspirada en la famosa leyenda de Gustavo Adolfo B\u00e9cquer, Beatriz representa la elegancia y el misterio de la Soria medieval. [&hellip;]<\/p>\n","protected":false},"author":1,"featured_media":316,"parent":182,"menu_order":0,"comment_status":"closed","ping_status":"closed","template":"","meta":{"site-sidebar-layout":"default","site-content-layout":"","ast-site-content-layout":"default","site-content-style":"default","site-sidebar-style":"default","ast-global-header-display":"","ast-banner-title-visibility":"","ast-main-header-display":"","ast-hfb-above-header-display":"","ast-hfb-below-header-display":"","ast-hfb-mobile-header-display":"","site-post-title":"","ast-breadcrumbs-content":"","ast-featured-img":"disabled","footer-sml-layout":"","ast-disable-related-posts":"","theme-transparent-header-meta":"","adv-header-id-meta":"","stick-header-meta":"","header-above-stick-meta":"","header-main-stick-meta":"","header-below-stick-meta":"","astra-migrate-meta-layouts":"default","ast-page-background-enabled":"default","ast-page-background-meta":{"desktop":{"background-color":"var(--ast-global-color-5)","background-image":"","background-repeat":"repeat","background-position":"center center","background-size":"auto","background-attachment":"scroll","background-type":"","background-media":"","overlay-type":"","overlay-color":"","overlay-opacity":"","overlay-gradient":""},"tablet":{"background-color":"","background-image":"","background-repeat":"repeat","background-position":"center center","background-size":"auto","background-attachment":"scroll","background-type":"","background-media":"","overlay-type":"","overlay-color":"","overlay-opacity":"","overlay-gradient":""},"mobile":{"background-color":"","background-image":"","background-repeat":"repeat","background-position":"center center","background-size":"auto","background-attachment":"scroll","background-type":"","background-media":"","overlay-type":"","overlay-color":"","overlay-opacity":"","overlay-gradient":""}},"ast-content-background-meta":{"desktop":{"background-color":"var(--ast-global-color-4)","background-image":"","background-repeat":"repeat","background-position":"center center","background-size":"auto","background-attachment":"scroll","background-type":"","background-media":"","overlay-type":"","overlay-color":"","overlay-opacity":"","overlay-gradient":""},"tablet":{"background-color":"var(--ast-global-color-4)","background-image":"","background-repeat":"repeat","background-position":"center center","background-size":"auto","background-attachment":"scroll","background-type":"","background-media":"","overlay-type":"","overlay-color":"","overlay-opacity":"","overlay-gradient":""},"mobile":{"background-color":"var(--ast-global-color-4)","background-image":"","background-repeat":"repeat","background-position":"center center","background-size":"auto","background-attachment":"scroll","background-type":"","background-media":"","overlay-type":"","overlay-color":"","overlay-opacity":"","overlay-gradient":""}},"footnotes":""},"class_list":["post-314","page","type-page","status-publish","has-post-thumbnail","hentry"],"_links":{"self":[{"href":"https:\/\/gigantesycabezudosdesoria.es\/index.php?rest_route=\/wp\/v2\/pages\/314","targetHints":{"allow":["GET"]}}],"collection":[{"href":"https:\/\/gigantesycabezudosdesoria.es\/index.php?rest_route=\/wp\/v2\/pages"}],"about":[{"href":"https:\/\/gigantesycabezudosdesoria.es\/index.php?rest_route=\/wp\/v2\/types\/page"}],"author":[{"embeddable":true,"href":"https:\/\/gigantesycabezudosdesoria.es\/index.php?rest_route=\/wp\/v2\/users\/1"}],"replies":[{"embeddable":true,"href":"https:\/\/gigantesycabezudosdesoria.es\/index.php?rest_route=%2Fwp%2Fv2%2Fcomments&post=314"}],"version-history":[{"count":2,"href":"https:\/\/gigantesycabezudosdesoria.es\/index.php?rest_route=\/wp\/v2\/pages\/314\/revisions"}],"predecessor-version":[{"id":337,"href":"https:\/\/gigantesycabezudosdesoria.es\/index.php?rest_route=\/wp\/v2\/pages\/314\/revisions\/337"}],"up":[{"embeddable":true,"href":"https:\/\/gigantesycabezudosdesoria.es\/index.php?rest_route=\/wp\/v2\/pages\/182"}],"wp:featuredmedia":[{"embeddable":true,"href":"https:\/\/gigantesycabezudosdesoria.es\/index.php?rest_route=\/wp\/v2\/media\/316"}],"wp:attachment":[{"href":"https:\/\/gigantesycabezudosdesoria.es\/index.php?rest_route=%2Fwp%2Fv2%2Fmedia&parent=314"}],"curies":[{"name":"wp","href":"https:\/\/api.w.org\/{rel}","templated":true}]}}