{"id":716,"date":"2026-03-27T01:17:43","date_gmt":"2026-03-27T00:17:43","guid":{"rendered":"https:\/\/gigantesycabezudosdesoria.es\/?page_id=716"},"modified":"2026-03-29T13:32:42","modified_gmt":"2026-03-29T12:32:42","slug":"tradicion-e-ilusion-en-la-comparsa-de-soria","status":"publish","type":"page","link":"https:\/\/gigantesycabezudosdesoria.es\/?page_id=716","title":{"rendered":"Tradici\u00f3n e ilusi\u00f3n en la Comparsa de Soria"},"content":{"rendered":"\n<figure data-wp-context=\"{&quot;imageId&quot;:&quot;69e7451de7126&quot;}\" data-wp-interactive=\"core\/image\" data-wp-key=\"69e7451de7126\" class=\"wp-block-image aligncenter size-large is-resized wp-lightbox-container\"><img loading=\"lazy\" decoding=\"async\" width=\"1024\" height=\"684\" data-wp-class--hide=\"state.isContentHidden\" data-wp-class--show=\"state.isContentVisible\" data-wp-init=\"callbacks.setButtonStyles\" data-wp-on--click=\"actions.showLightbox\" data-wp-on--load=\"callbacks.setButtonStyles\" data-wp-on-window--resize=\"callbacks.setButtonStyles\" src=\"https:\/\/gigantesycabezudosdesoria.es\/wp-content\/uploads\/2026\/03\/GIA8635-1024x684.jpg\" alt=\"\" class=\"wp-image-717\" style=\"width:700px\" srcset=\"https:\/\/gigantesycabezudosdesoria.es\/wp-content\/uploads\/2026\/03\/GIA8635-1024x684.jpg 1024w, https:\/\/gigantesycabezudosdesoria.es\/wp-content\/uploads\/2026\/03\/GIA8635-300x200.jpg 300w, https:\/\/gigantesycabezudosdesoria.es\/wp-content\/uploads\/2026\/03\/GIA8635-768x513.jpg 768w, https:\/\/gigantesycabezudosdesoria.es\/wp-content\/uploads\/2026\/03\/GIA8635-1536x1025.jpg 1536w, https:\/\/gigantesycabezudosdesoria.es\/wp-content\/uploads\/2026\/03\/GIA8635.jpg 2048w\" sizes=\"auto, (max-width: 1024px) 100vw, 1024px\" \/><button\n\t\t\tclass=\"lightbox-trigger\"\n\t\t\ttype=\"button\"\n\t\t\taria-haspopup=\"dialog\"\n\t\t\taria-label=\"Agrandar\"\n\t\t\tdata-wp-init=\"callbacks.initTriggerButton\"\n\t\t\tdata-wp-on--click=\"actions.showLightbox\"\n\t\t\tdata-wp-style--right=\"state.imageButtonRight\"\n\t\t\tdata-wp-style--top=\"state.imageButtonTop\"\n\t\t>\n\t\t\t<svg xmlns=\"http:\/\/www.w3.org\/2000\/svg\" width=\"12\" height=\"12\" fill=\"none\" viewBox=\"0 0 12 12\">\n\t\t\t\t<path fill=\"#fff\" d=\"M2 0a2 2 0 0 0-2 2v2h1.5V2a.5.5 0 0 1 .5-.5h2V0H2Zm2 10.5H2a.5.5 0 0 1-.5-.5V8H0v2a2 2 0 0 0 2 2h2v-1.5ZM8 12v-1.5h2a.5.5 0 0 0 .5-.5V8H12v2a2 2 0 0 1-2 2H8Zm2-12a2 2 0 0 1 2 2v2h-1.5V2a.5.5 0 0 0-.5-.5H8V0h2Z\" \/>\n\t\t\t<\/svg>\n\t\t<\/button><\/figure>\n\n\n\n<p>La Comparsa Municipal de Gigantes y Cabezudos de Soria naci\u00f3 en el a\u00f1o 2019 a iniciativa del Ayuntamiento de Soria, que hizo un llamamiento abierto a todos los vecinos con un objetivo claro: recuperar, cuidar y fomentar esta entra\u00f1able tradici\u00f3n popular. Fue durante las fiestas patronales de San Saturio de ese mismo a\u00f1o cuando nos constituimos oficialmente como asociaci\u00f3n cultural con identidad propia, comenzando con orgullo nuestra andadura.<\/p>\n\n\n\n<p>Para poder llevar a cabo nuestra actividad y conservar las figuras de cart\u00f3n piedra en las mejores condiciones, el Ayuntamiento nos cedi\u00f3 el uso de nuestra sede en el local de exposiciones de la Plaza de Toros. Desde el primer d\u00eda, los <strong>giganteros<\/strong> y los miembros de la asociaci\u00f3n nos pusimos manos a la obra con los ensayos de los bailes tradicionales de nuestro folclore, debutando ese mismo a\u00f1o con la m\u00edtica Jota de San Juan.<\/p>\n\n\n\n<figure data-wp-context=\"{&quot;imageId&quot;:&quot;69e7451de7929&quot;}\" data-wp-interactive=\"core\/image\" data-wp-key=\"69e7451de7929\" class=\"wp-block-image aligncenter size-large is-resized wp-lightbox-container\"><img loading=\"lazy\" decoding=\"async\" width=\"1024\" height=\"684\" data-wp-class--hide=\"state.isContentHidden\" data-wp-class--show=\"state.isContentVisible\" data-wp-init=\"callbacks.setButtonStyles\" data-wp-on--click=\"actions.showLightbox\" data-wp-on--load=\"callbacks.setButtonStyles\" data-wp-on-window--resize=\"callbacks.setButtonStyles\" src=\"https:\/\/gigantesycabezudosdesoria.es\/wp-content\/uploads\/2026\/03\/GIA7864-1024x684.jpg\" alt=\"\" class=\"wp-image-718\" style=\"width:500px\" srcset=\"https:\/\/gigantesycabezudosdesoria.es\/wp-content\/uploads\/2026\/03\/GIA7864-1024x684.jpg 1024w, https:\/\/gigantesycabezudosdesoria.es\/wp-content\/uploads\/2026\/03\/GIA7864-300x200.jpg 300w, https:\/\/gigantesycabezudosdesoria.es\/wp-content\/uploads\/2026\/03\/GIA7864-768x513.jpg 768w, https:\/\/gigantesycabezudosdesoria.es\/wp-content\/uploads\/2026\/03\/GIA7864-1536x1025.jpg 1536w, https:\/\/gigantesycabezudosdesoria.es\/wp-content\/uploads\/2026\/03\/GIA7864.jpg 2048w\" sizes=\"auto, (max-width: 1024px) 100vw, 1024px\" \/><button\n\t\t\tclass=\"lightbox-trigger\"\n\t\t\ttype=\"button\"\n\t\t\taria-haspopup=\"dialog\"\n\t\t\taria-label=\"Agrandar\"\n\t\t\tdata-wp-init=\"callbacks.initTriggerButton\"\n\t\t\tdata-wp-on--click=\"actions.showLightbox\"\n\t\t\tdata-wp-style--right=\"state.imageButtonRight\"\n\t\t\tdata-wp-style--top=\"state.imageButtonTop\"\n\t\t>\n\t\t\t<svg xmlns=\"http:\/\/www.w3.org\/2000\/svg\" width=\"12\" height=\"12\" fill=\"none\" viewBox=\"0 0 12 12\">\n\t\t\t\t<path fill=\"#fff\" d=\"M2 0a2 2 0 0 0-2 2v2h1.5V2a.5.5 0 0 1 .5-.5h2V0H2Zm2 10.5H2a.5.5 0 0 1-.5-.5V8H0v2a2 2 0 0 0 2 2h2v-1.5ZM8 12v-1.5h2a.5.5 0 0 0 .5-.5V8H12v2a2 2 0 0 1-2 2H8Zm2-12a2 2 0 0 1 2 2v2h-1.5V2a.5.5 0 0 0-.5-.5H8V0h2Z\" \/>\n\t\t\t<\/svg>\n\t\t<\/button><\/figure>\n\n\n\n<h3 class=\"wp-block-heading\">Superaci\u00f3n y adaptaci\u00f3n a los nuevos tiempos<\/h3>\n\n\n\n<p>Nuestra programaci\u00f3n habitual de pasacalles (Carnavales, verano y San Saturio) se vio truncada en el a\u00f1o 2020 debido a la pandemia. Lejos de desanimarnos tras haber podido salir \u00fanicamente en Carnaval, la asociaci\u00f3n se reinvent\u00f3. En octubre de 2020 ofrecimos un novedoso espect\u00e1culo de exhibici\u00f3n y teatrillo adaptado en el ruedo de la Plaza de Toros, donde presentamos las nuevas figuras de las \u00c1nimas, encandilando al p\u00fablico de Soria y especialmente a los m\u00e1s peque\u00f1os.<\/p>\n\n\n\n<p>En los a\u00f1os posteriores, como en octubre de 2021, seguimos adaptando las salidas a formatos seguros en Mariano Granados, demostrando que la cultura tradicional siempre encuentra su camino. Con la llegada de la normalidad en los Carnavales de 2022 y las sucesivas fiestas populares, la comparsa ha vuelto a llenar las calles de m\u00fasica tradicional de <strong>dulzainas<\/strong> y tambores.<\/p>\n\n\n\n<figure data-wp-context=\"{&quot;imageId&quot;:&quot;69e7451de80b4&quot;}\" data-wp-interactive=\"core\/image\" data-wp-key=\"69e7451de80b4\" class=\"wp-block-image aligncenter size-large is-resized wp-lightbox-container\"><img loading=\"lazy\" decoding=\"async\" width=\"1024\" height=\"684\" data-wp-class--hide=\"state.isContentHidden\" data-wp-class--show=\"state.isContentVisible\" data-wp-init=\"callbacks.setButtonStyles\" data-wp-on--click=\"actions.showLightbox\" data-wp-on--load=\"callbacks.setButtonStyles\" data-wp-on-window--resize=\"callbacks.setButtonStyles\" src=\"https:\/\/gigantesycabezudosdesoria.es\/wp-content\/uploads\/2026\/03\/GIA2985-1024x684.jpg\" alt=\"\" class=\"wp-image-719\" style=\"width:500px\" srcset=\"https:\/\/gigantesycabezudosdesoria.es\/wp-content\/uploads\/2026\/03\/GIA2985-1024x684.jpg 1024w, https:\/\/gigantesycabezudosdesoria.es\/wp-content\/uploads\/2026\/03\/GIA2985-300x200.jpg 300w, https:\/\/gigantesycabezudosdesoria.es\/wp-content\/uploads\/2026\/03\/GIA2985-768x513.jpg 768w, https:\/\/gigantesycabezudosdesoria.es\/wp-content\/uploads\/2026\/03\/GIA2985-1536x1025.jpg 1536w, https:\/\/gigantesycabezudosdesoria.es\/wp-content\/uploads\/2026\/03\/GIA2985.jpg 2048w\" sizes=\"auto, (max-width: 1024px) 100vw, 1024px\" \/><button\n\t\t\tclass=\"lightbox-trigger\"\n\t\t\ttype=\"button\"\n\t\t\taria-haspopup=\"dialog\"\n\t\t\taria-label=\"Agrandar\"\n\t\t\tdata-wp-init=\"callbacks.initTriggerButton\"\n\t\t\tdata-wp-on--click=\"actions.showLightbox\"\n\t\t\tdata-wp-style--right=\"state.imageButtonRight\"\n\t\t\tdata-wp-style--top=\"state.imageButtonTop\"\n\t\t>\n\t\t\t<svg xmlns=\"http:\/\/www.w3.org\/2000\/svg\" width=\"12\" height=\"12\" fill=\"none\" viewBox=\"0 0 12 12\">\n\t\t\t\t<path fill=\"#fff\" d=\"M2 0a2 2 0 0 0-2 2v2h1.5V2a.5.5 0 0 1 .5-.5h2V0H2Zm2 10.5H2a.5.5 0 0 1-.5-.5V8H0v2a2 2 0 0 0 2 2h2v-1.5ZM8 12v-1.5h2a.5.5 0 0 0 .5-.5V8H12v2a2 2 0 0 1-2 2H8Zm2-12a2 2 0 0 1 2 2v2h-1.5V2a.5.5 0 0 0-.5-.5H8V0h2Z\" \/>\n\t\t\t<\/svg>\n\t\t<\/button><\/figure>\n\n\n\n<h3 class=\"wp-block-heading\">Mirando al futuro: La cantera y el p\u00fablico<\/h3>\n\n\n\n<p>Hoy en d\u00eda, nuestro motor sigue siendo el contacto directo con el p\u00fablico soriano. No solo cuidamos de nuestras figuras cl\u00e1sicas y recuperamos la vieja costumbre de los bailes de gigantes, sino que trabajamos activamente en abrir nuestras puertas a las familias de Soria mediante talleres y concursos de dibujo infantil que garantizan el relevo generacional.<\/p>\n\n\n\n<p>Somos un grupo humano unido por el cari\u00f1o a nuestras costumbres y el deseo de transmitir a los ni\u00f1os la magia de los gigantes y cabezudos.<\/p>\n","protected":false},"excerpt":{"rendered":"<p>La Comparsa Municipal de Gigantes y Cabezudos de Soria naci\u00f3 en el a\u00f1o 2019 a iniciativa del Ayuntamiento de Soria, [&hellip;]<\/p>\n","protected":false},"author":1,"featured_media":717,"parent":0,"menu_order":0,"comment_status":"closed","ping_status":"closed","template":"","meta":{"site-sidebar-layout":"default","site-content-layout":"","ast-site-content-layout":"default","site-content-style":"default","site-sidebar-style":"default","ast-global-header-display":"","ast-banner-title-visibility":"","ast-main-header-display":"","ast-hfb-above-header-display":"","ast-hfb-below-header-display":"","ast-hfb-mobile-header-display":"","site-post-title":"","ast-breadcrumbs-content":"","ast-featured-img":"disabled","footer-sml-layout":"","ast-disable-related-posts":"","theme-transparent-header-meta":"","adv-header-id-meta":"","stick-header-meta":"","header-above-stick-meta":"","header-main-stick-meta":"","header-below-stick-meta":"","astra-migrate-meta-layouts":"default","ast-page-background-enabled":"default","ast-page-background-meta":{"desktop":{"background-color":"var(--ast-global-color-5)","background-image":"","background-repeat":"repeat","background-position":"center center","background-size":"auto","background-attachment":"scroll","background-type":"","background-media":"","overlay-type":"","overlay-color":"","overlay-opacity":"","overlay-gradient":""},"tablet":{"background-color":"","background-image":"","background-repeat":"repeat","background-position":"center center","background-size":"auto","background-attachment":"scroll","background-type":"","background-media":"","overlay-type":"","overlay-color":"","overlay-opacity":"","overlay-gradient":""},"mobile":{"background-color":"","background-image":"","background-repeat":"repeat","background-position":"center center","background-size":"auto","background-attachment":"scroll","background-type":"","background-media":"","overlay-type":"","overlay-color":"","overlay-opacity":"","overlay-gradient":""}},"ast-content-background-meta":{"desktop":{"background-color":"var(--ast-global-color-4)","background-image":"","background-repeat":"repeat","background-position":"center center","background-size":"auto","background-attachment":"scroll","background-type":"","background-media":"","overlay-type":"","overlay-color":"","overlay-opacity":"","overlay-gradient":""},"tablet":{"background-color":"var(--ast-global-color-4)","background-image":"","background-repeat":"repeat","background-position":"center center","background-size":"auto","background-attachment":"scroll","background-type":"","background-media":"","overlay-type":"","overlay-color":"","overlay-opacity":"","overlay-gradient":""},"mobile":{"background-color":"var(--ast-global-color-4)","background-image":"","background-repeat":"repeat","background-position":"center center","background-size":"auto","background-attachment":"scroll","background-type":"","background-media":"","overlay-type":"","overlay-color":"","overlay-opacity":"","overlay-gradient":""}},"footnotes":""},"class_list":["post-716","page","type-page","status-publish","has-post-thumbnail","hentry"],"_links":{"self":[{"href":"https:\/\/gigantesycabezudosdesoria.es\/index.php?rest_route=\/wp\/v2\/pages\/716","targetHints":{"allow":["GET"]}}],"collection":[{"href":"https:\/\/gigantesycabezudosdesoria.es\/index.php?rest_route=\/wp\/v2\/pages"}],"about":[{"href":"https:\/\/gigantesycabezudosdesoria.es\/index.php?rest_route=\/wp\/v2\/types\/page"}],"author":[{"embeddable":true,"href":"https:\/\/gigantesycabezudosdesoria.es\/index.php?rest_route=\/wp\/v2\/users\/1"}],"replies":[{"embeddable":true,"href":"https:\/\/gigantesycabezudosdesoria.es\/index.php?rest_route=%2Fwp%2Fv2%2Fcomments&post=716"}],"version-history":[{"count":3,"href":"https:\/\/gigantesycabezudosdesoria.es\/index.php?rest_route=\/wp\/v2\/pages\/716\/revisions"}],"predecessor-version":[{"id":770,"href":"https:\/\/gigantesycabezudosdesoria.es\/index.php?rest_route=\/wp\/v2\/pages\/716\/revisions\/770"}],"wp:featuredmedia":[{"embeddable":true,"href":"https:\/\/gigantesycabezudosdesoria.es\/index.php?rest_route=\/wp\/v2\/media\/717"}],"wp:attachment":[{"href":"https:\/\/gigantesycabezudosdesoria.es\/index.php?rest_route=%2Fwp%2Fv2%2Fmedia&parent=716"}],"curies":[{"name":"wp","href":"https:\/\/api.w.org\/{rel}","templated":true}]}}