{"id":780,"date":"2026-03-29T22:46:50","date_gmt":"2026-03-29T21:46:50","guid":{"rendered":"https:\/\/gigantesycabezudosdesoria.es\/?page_id=780"},"modified":"2026-03-29T22:46:50","modified_gmt":"2026-03-29T21:46:50","slug":"politica-de-cookies","status":"publish","type":"page","link":"https:\/\/gigantesycabezudosdesoria.es\/?page_id=780","title":{"rendered":"POL\u00cdTICA DE COOKIES"},"content":{"rendered":"\n<h3 class=\"wp-block-heading\">1. \u00bfQU\u00c9 SON LAS COOKIES?<\/h3>\n\n\n\n<p>Una cookie es un fichero que se descarga en su ordenador o dispositivo al acceder a determinadas p\u00e1ginas web. Las cookies permiten a una p\u00e1gina web, entre otras cosas, almacenar y recuperar informaci\u00f3n sobre los h\u00e1bitos de navegaci\u00f3n de un usuario o de su equipo y, dependiendo de la informaci\u00f3n que contengan y de la forma en que utilice su equipo, pueden utilizarse para reconocer al usuario.<\/p>\n\n\n\n<hr class=\"wp-block-separator has-alpha-channel-opacity\"\/>\n\n\n\n<h3 class=\"wp-block-heading\">2. TIPOS DE COOKIES UTILIZADAS EN ESTA WEB<\/h3>\n\n\n\n<p>En cumplimiento de la Ley 34\/2002 (LSSI-CE) y siguiendo las directrices de la Agencia Espa\u00f1ola de Protecci\u00f3n de Datos, detallamos las cookies que utilizamos:<\/p>\n\n\n\n<figure class=\"wp-block-table\"><table class=\"has-fixed-layout\"><thead><tr><td><strong>Categor\u00eda<\/strong><\/td><td><strong>Finalidad<\/strong><\/td><td><strong>\u00bfEs obligatoria?<\/strong><\/td><\/tr><\/thead><tbody><tr><td><strong>T\u00e9cnicas<\/strong><\/td><td>Permiten la navegaci\u00f3n, el control de tr\u00e1fico y la seguridad de la web. Sin ellas, la p\u00e1gina no funciona.<\/td><td><strong>S\u00cd<\/strong><\/td><\/tr><tr><td><strong>Preferencias<\/strong><\/td><td>Permiten recordar informaci\u00f3n para que el usuario acceda al servicio con determinadas caracter\u00edsticas (idioma, regi\u00f3n).<\/td><td><strong>NO<\/strong><\/td><\/tr><tr><td><strong>An\u00e1lisis<\/strong><\/td><td>Nos permiten cuantificar el n\u00famero de usuarios y realizar la medici\u00f3n y an\u00e1lisis estad\u00edstico del uso que hacen de la web.<\/td><td><strong>NO<\/strong> (Requiere permiso)<\/td><\/tr><tr><td><strong>Publicitarias<\/strong><\/td><td>Almacenan informaci\u00f3n del comportamiento de los usuarios obtenida a trav\u00e9s de la observaci\u00f3n de sus h\u00e1bitos de navegaci\u00f3n.<\/td><td><strong>NO<\/strong> (Requiere permiso)<\/td><\/tr><\/tbody><\/table><\/figure>\n\n\n\n<hr class=\"wp-block-separator has-alpha-channel-opacity\"\/>\n\n\n\n<h3 class=\"wp-block-heading\">3. DETALLE DE COOKIES DE TERCEROS<\/h3>\n\n\n\n<p>Esta web utiliza servicios de terceros que instalan sus propias cookies para las siguientes funciones:<\/p>\n\n\n\n<ul class=\"wp-block-list\">\n<li><strong>Google Analytics:<\/strong> Almacena cookies para elaborar estad\u00edsticas sobre el tr\u00e1fico y volumen de visitas de esta web. Al utilizar este sitio web, est\u00e1 consintiendo el tratamiento de informaci\u00f3n acerca de usted por Google.<\/li>\n\n\n\n<li><strong>Redes Sociales:<\/strong> Cada red social (Facebook, Instagram, YouTube) utiliza sus propias cookies para que usted pueda pinchar en botones del tipo <em>Me gusta<\/em> o <em>Compartir<\/em>.<\/li>\n<\/ul>\n\n\n\n<hr class=\"wp-block-separator has-alpha-channel-opacity\"\/>\n\n\n\n<h3 class=\"wp-block-heading\">4. \u00bfC\u00d3MO DESACTIVAR O ELIMINAR LAS COOKIES?<\/h3>\n\n\n\n<p>En cualquier momento, usted puede ejercer su derecho de desactivaci\u00f3n o eliminaci\u00f3n de cookies de este sitio web. Estas acciones se realizan de forma diferente en funci\u00f3n del navegador que est\u00e9 usando:<\/p>\n\n\n\n<ul class=\"wp-block-list\">\n<li><strong>Google Chrome:<\/strong> Configuraci\u00f3n > Privacidad y seguridad > Cookies y otros datos de sitios.<\/li>\n\n\n\n<li><strong>Mozilla Firefox:<\/strong> Ajustes > Privacidad y Seguridad > Cookies y datos del sitio.<\/li>\n\n\n\n<li><strong>Safari:<\/strong> Preferencias > Privacidad > Bloquear todas las cookies.<\/li>\n\n\n\n<li><strong>Microsoft Edge:<\/strong> Configuraci\u00f3n > Cookies y permisos del sitio.<\/li>\n<\/ul>\n\n\n\n<hr class=\"wp-block-separator has-alpha-channel-opacity\"\/>\n\n\n\n<h3 class=\"wp-block-heading\">5. CONSENTIMIENTO Y CONFIGURACI\u00d3N<\/h3>\n\n\n\n<p>El usuario puede aceptar todas las cookies, rechazarlas o configurar sus preferencias a trav\u00e9s del panel de configuraci\u00f3n (banner) que aparece al inicio de la navegaci\u00f3n.<\/p>\n\n\n\n<p>La <strong>Comparsa Municipal de Gigantes y Cabezudos de Soria<\/strong> no se hace responsable del contenido ni de la veracidad de las pol\u00edticas de privacidad que puedan tener los terceros mencionados en esta pol\u00edtica de cookies.<\/p>\n\n\n\n<hr class=\"wp-block-separator has-alpha-channel-opacity\"\/>\n\n\n\n<h3 class=\"wp-block-heading\">6. ACTUALIZACIONES<\/h3>\n\n\n\n<p>Es posible que actualicemos la Pol\u00edtica de Cookies de nuestro Sitio Web, por ello se recomienda revisar esta pol\u00edtica cada vez que acceda a nuestro Sitio Web con el objetivo de estar adecuadamente informado sobre c\u00f3mo y para qu\u00e9 usamos las cookies.<\/p>\n","protected":false},"excerpt":{"rendered":"<p>1. \u00bfQU\u00c9 SON LAS COOKIES? Una cookie es un fichero que se descarga en su ordenador o dispositivo al acceder [&hellip;]<\/p>\n","protected":false},"author":1,"featured_media":0,"parent":0,"menu_order":0,"comment_status":"closed","ping_status":"closed","template":"","meta":{"site-sidebar-layout":"default","site-content-layout":"","ast-site-content-layout":"default","site-content-style":"default","site-sidebar-style":"default","ast-global-header-display":"","ast-banner-title-visibility":"","ast-main-header-display":"","ast-hfb-above-header-display":"","ast-hfb-below-header-display":"","ast-hfb-mobile-header-display":"","site-post-title":"","ast-breadcrumbs-content":"","ast-featured-img":"","footer-sml-layout":"","ast-disable-related-posts":"","theme-transparent-header-meta":"","adv-header-id-meta":"","stick-header-meta":"","header-above-stick-meta":"","header-main-stick-meta":"","header-below-stick-meta":"","astra-migrate-meta-layouts":"default","ast-page-background-enabled":"default","ast-page-background-meta":{"desktop":{"background-color":"var(--ast-global-color-5)","background-image":"","background-repeat":"repeat","background-position":"center center","background-size":"auto","background-attachment":"scroll","background-type":"","background-media":"","overlay-type":"","overlay-color":"","overlay-opacity":"","overlay-gradient":""},"tablet":{"background-color":"","background-image":"","background-repeat":"repeat","background-position":"center center","background-size":"auto","background-attachment":"scroll","background-type":"","background-media":"","overlay-type":"","overlay-color":"","overlay-opacity":"","overlay-gradient":""},"mobile":{"background-color":"","background-image":"","background-repeat":"repeat","background-position":"center center","background-size":"auto","background-attachment":"scroll","background-type":"","background-media":"","overlay-type":"","overlay-color":"","overlay-opacity":"","overlay-gradient":""}},"ast-content-background-meta":{"desktop":{"background-color":"var(--ast-global-color-4)","background-image":"","background-repeat":"repeat","background-position":"center center","background-size":"auto","background-attachment":"scroll","background-type":"","background-media":"","overlay-type":"","overlay-color":"","overlay-opacity":"","overlay-gradient":""},"tablet":{"background-color":"var(--ast-global-color-4)","background-image":"","background-repeat":"repeat","background-position":"center center","background-size":"auto","background-attachment":"scroll","background-type":"","background-media":"","overlay-type":"","overlay-color":"","overlay-opacity":"","overlay-gradient":""},"mobile":{"background-color":"var(--ast-global-color-4)","background-image":"","background-repeat":"repeat","background-position":"center center","background-size":"auto","background-attachment":"scroll","background-type":"","background-media":"","overlay-type":"","overlay-color":"","overlay-opacity":"","overlay-gradient":""}},"footnotes":""},"class_list":["post-780","page","type-page","status-publish","hentry"],"_links":{"self":[{"href":"https:\/\/gigantesycabezudosdesoria.es\/index.php?rest_route=\/wp\/v2\/pages\/780","targetHints":{"allow":["GET"]}}],"collection":[{"href":"https:\/\/gigantesycabezudosdesoria.es\/index.php?rest_route=\/wp\/v2\/pages"}],"about":[{"href":"https:\/\/gigantesycabezudosdesoria.es\/index.php?rest_route=\/wp\/v2\/types\/page"}],"author":[{"embeddable":true,"href":"https:\/\/gigantesycabezudosdesoria.es\/index.php?rest_route=\/wp\/v2\/users\/1"}],"replies":[{"embeddable":true,"href":"https:\/\/gigantesycabezudosdesoria.es\/index.php?rest_route=%2Fwp%2Fv2%2Fcomments&post=780"}],"version-history":[{"count":1,"href":"https:\/\/gigantesycabezudosdesoria.es\/index.php?rest_route=\/wp\/v2\/pages\/780\/revisions"}],"predecessor-version":[{"id":781,"href":"https:\/\/gigantesycabezudosdesoria.es\/index.php?rest_route=\/wp\/v2\/pages\/780\/revisions\/781"}],"wp:attachment":[{"href":"https:\/\/gigantesycabezudosdesoria.es\/index.php?rest_route=%2Fwp%2Fv2%2Fmedia&parent=780"}],"curies":[{"name":"wp","href":"https:\/\/api.w.org\/{rel}","templated":true}]}}