{"id":847,"date":"2026-04-04T11:46:31","date_gmt":"2026-04-04T10:46:31","guid":{"rendered":"https:\/\/gigantesycabezudosdesoria.es\/?page_id=847"},"modified":"2026-04-04T11:50:54","modified_gmt":"2026-04-04T10:50:54","slug":"%f0%9f%97%93%ef%b8%8f-calendario-de-salidas-2026","status":"publish","type":"page","link":"https:\/\/gigantesycabezudosdesoria.es\/?page_id=847","title":{"rendered":"\ud83d\uddd3\ufe0f Calendario de Actividades 2026"},"content":{"rendered":"\n<p>\u00a1Prep\u00e1rate para disfrutar de los Gigantes y Cabezudos de Soria! En esta secci\u00f3n encontrar\u00e1s todas las fechas confirmadas para este a\u00f1o. Queremos que las calles se llenen de alegr\u00eda y tradici\u00f3n, por lo que te invitamos a guardar esta imagen y consultar la informaci\u00f3n que hay a continuaci\u00f3n.<\/p>\n\n\n\n<figure data-wp-context=\"{&quot;imageId&quot;:&quot;69e9d7319716b&quot;}\" data-wp-interactive=\"core\/image\" data-wp-key=\"69e9d7319716b\" class=\"wp-block-image aligncenter size-large wp-lightbox-container\"><img loading=\"lazy\" decoding=\"async\" width=\"1024\" height=\"576\" data-wp-class--hide=\"state.isContentHidden\" data-wp-class--show=\"state.isContentVisible\" data-wp-init=\"callbacks.setButtonStyles\" data-wp-on--click=\"actions.showLightbox\" data-wp-on--load=\"callbacks.setButtonStyles\" data-wp-on-window--resize=\"callbacks.setButtonStyles\" src=\"https:\/\/gigantesycabezudosdesoria.es\/wp-content\/uploads\/2026\/04\/calendario-2026-1024x576.jpg\" alt=\"\" class=\"wp-image-848\" srcset=\"https:\/\/gigantesycabezudosdesoria.es\/wp-content\/uploads\/2026\/04\/calendario-2026-1024x576.jpg 1024w, https:\/\/gigantesycabezudosdesoria.es\/wp-content\/uploads\/2026\/04\/calendario-2026-300x169.jpg 300w, https:\/\/gigantesycabezudosdesoria.es\/wp-content\/uploads\/2026\/04\/calendario-2026-768x432.jpg 768w, https:\/\/gigantesycabezudosdesoria.es\/wp-content\/uploads\/2026\/04\/calendario-2026-1536x864.jpg 1536w, https:\/\/gigantesycabezudosdesoria.es\/wp-content\/uploads\/2026\/04\/calendario-2026.jpg 1920w\" sizes=\"auto, (max-width: 1024px) 100vw, 1024px\" \/><button\n\t\t\tclass=\"lightbox-trigger\"\n\t\t\ttype=\"button\"\n\t\t\taria-haspopup=\"dialog\"\n\t\t\taria-label=\"Agrandar\"\n\t\t\tdata-wp-init=\"callbacks.initTriggerButton\"\n\t\t\tdata-wp-on--click=\"actions.showLightbox\"\n\t\t\tdata-wp-style--right=\"state.imageButtonRight\"\n\t\t\tdata-wp-style--top=\"state.imageButtonTop\"\n\t\t>\n\t\t\t<svg xmlns=\"http:\/\/www.w3.org\/2000\/svg\" width=\"12\" height=\"12\" fill=\"none\" viewBox=\"0 0 12 12\">\n\t\t\t\t<path fill=\"#fff\" d=\"M2 0a2 2 0 0 0-2 2v2h1.5V2a.5.5 0 0 1 .5-.5h2V0H2Zm2 10.5H2a.5.5 0 0 1-.5-.5V8H0v2a2 2 0 0 0 2 2h2v-1.5ZM8 12v-1.5h2a.5.5 0 0 0 .5-.5V8H12v2a2 2 0 0 1-2 2H8Zm2-12a2 2 0 0 1 2 2v2h-1.5V2a.5.5 0 0 0-.5-.5H8V0h2Z\" \/>\n\t\t\t<\/svg>\n\t\t<\/button><\/figure>\n\n\n\n<p><\/p>\n\n\n\n<h3 class=\"wp-block-heading\">Notas importantes para nuestros seguidores<\/h3>\n\n\n\n<p style=\"margin-top:0;margin-bottom:0\">Desde la <strong>Comparsa Municipal<\/strong>, trabajamos con mucha ilusi\u00f3n para cumplir con toda la programaci\u00f3n prevista. No obstante, debes tener en cuenta lo siguiente:<\/p>\n\n\n\n<ul class=\"wp-block-list\">\n<li><strong>Disponibilidad:<\/strong> Este calendario es la base de nuestra actividad anual, pero siempre recomendamos visitarnos antes de cada evento para confirmar horarios espec\u00edficos.<\/li>\n\n\n\n<li><strong>Modificaciones:<\/strong> Las fechas pueden sufrir cambios debido a causas ajenas a nuestra voluntad (como condiciones meteorol\u00f3gicas o imprevistos de \u00faltima hora).<\/li>\n\n\n\n<li><strong>Compromiso:<\/strong> Si el calendario var\u00eda, nuestra prioridad ser\u00e1 siempre la de intentar <strong>a\u00f1adir m\u00e1s actividades<\/strong> y ampliar nuestra presencia en las calles para que nadie se quede sin ver a sus personajes favoritos.<\/li>\n<\/ul>\n\n\n\n<p>\u00a1Nos vemos en las plazas de Soria!<\/p>\n","protected":false},"excerpt":{"rendered":"<p>\u00a1Prep\u00e1rate para disfrutar de los Gigantes y Cabezudos de Soria! En esta secci\u00f3n encontrar\u00e1s todas las fechas confirmadas para este [&hellip;]<\/p>\n","protected":false},"author":1,"featured_media":0,"parent":0,"menu_order":0,"comment_status":"closed","ping_status":"closed","template":"","meta":{"site-sidebar-layout":"default","site-content-layout":"","ast-site-content-layout":"default","site-content-style":"default","site-sidebar-style":"default","ast-global-header-display":"","ast-banner-title-visibility":"","ast-main-header-display":"","ast-hfb-above-header-display":"","ast-hfb-below-header-display":"","ast-hfb-mobile-header-display":"","site-post-title":"","ast-breadcrumbs-content":"","ast-featured-img":"","footer-sml-layout":"","ast-disable-related-posts":"","theme-transparent-header-meta":"","adv-header-id-meta":"","stick-header-meta":"","header-above-stick-meta":"","header-main-stick-meta":"","header-below-stick-meta":"","astra-migrate-meta-layouts":"default","ast-page-background-enabled":"default","ast-page-background-meta":{"desktop":{"background-color":"var(--ast-global-color-5)","background-image":"","background-repeat":"repeat","background-position":"center center","background-size":"auto","background-attachment":"scroll","background-type":"","background-media":"","overlay-type":"","overlay-color":"","overlay-opacity":"","overlay-gradient":""},"tablet":{"background-color":"","background-image":"","background-repeat":"repeat","background-position":"center center","background-size":"auto","background-attachment":"scroll","background-type":"","background-media":"","overlay-type":"","overlay-color":"","overlay-opacity":"","overlay-gradient":""},"mobile":{"background-color":"","background-image":"","background-repeat":"repeat","background-position":"center center","background-size":"auto","background-attachment":"scroll","background-type":"","background-media":"","overlay-type":"","overlay-color":"","overlay-opacity":"","overlay-gradient":""}},"ast-content-background-meta":{"desktop":{"background-color":"var(--ast-global-color-4)","background-image":"","background-repeat":"repeat","background-position":"center center","background-size":"auto","background-attachment":"scroll","background-type":"","background-media":"","overlay-type":"","overlay-color":"","overlay-opacity":"","overlay-gradient":""},"tablet":{"background-color":"var(--ast-global-color-4)","background-image":"","background-repeat":"repeat","background-position":"center center","background-size":"auto","background-attachment":"scroll","background-type":"","background-media":"","overlay-type":"","overlay-color":"","overlay-opacity":"","overlay-gradient":""},"mobile":{"background-color":"var(--ast-global-color-4)","background-image":"","background-repeat":"repeat","background-position":"center center","background-size":"auto","background-attachment":"scroll","background-type":"","background-media":"","overlay-type":"","overlay-color":"","overlay-opacity":"","overlay-gradient":""}},"footnotes":""},"class_list":["post-847","page","type-page","status-publish","hentry"],"_links":{"self":[{"href":"https:\/\/gigantesycabezudosdesoria.es\/index.php?rest_route=\/wp\/v2\/pages\/847","targetHints":{"allow":["GET"]}}],"collection":[{"href":"https:\/\/gigantesycabezudosdesoria.es\/index.php?rest_route=\/wp\/v2\/pages"}],"about":[{"href":"https:\/\/gigantesycabezudosdesoria.es\/index.php?rest_route=\/wp\/v2\/types\/page"}],"author":[{"embeddable":true,"href":"https:\/\/gigantesycabezudosdesoria.es\/index.php?rest_route=\/wp\/v2\/users\/1"}],"replies":[{"embeddable":true,"href":"https:\/\/gigantesycabezudosdesoria.es\/index.php?rest_route=%2Fwp%2Fv2%2Fcomments&post=847"}],"version-history":[{"count":3,"href":"https:\/\/gigantesycabezudosdesoria.es\/index.php?rest_route=\/wp\/v2\/pages\/847\/revisions"}],"predecessor-version":[{"id":852,"href":"https:\/\/gigantesycabezudosdesoria.es\/index.php?rest_route=\/wp\/v2\/pages\/847\/revisions\/852"}],"wp:attachment":[{"href":"https:\/\/gigantesycabezudosdesoria.es\/index.php?rest_route=%2Fwp%2Fv2%2Fmedia&parent=847"}],"curies":[{"name":"wp","href":"https:\/\/api.w.org\/{rel}","templated":true}]}}